{"id":50,"date":"2026-01-17T20:26:18","date_gmt":"2026-01-17T19:26:18","guid":{"rendered":"https:\/\/hochzeit.dhbochum.de\/?page_id=50"},"modified":"2026-01-18T16:03:00","modified_gmt":"2026-01-18T15:03:00","slug":"anfahrt","status":"publish","type":"page","link":"https:\/\/hochzeit.dhbochum.de\/index.php\/anfahrt\/","title":{"rendered":"Anfahrt"},"content":{"rendered":"\n<h3 class=\"wp-block-heading\">Trauung<\/h3>\n\n\n\n<p class=\"has-black-color has-text-color has-link-color wp-elements-fa515fc4e9f7d2071ebb88c81cd882db\">\ud83d\udccd<a href=\"https:\/\/www.bochum.de\/Buergerbuero\/Buergerbuero-Langendreer\">&nbsp;Amtshaus Bochum Langendreer<\/a><\/p>\n\n\n\n<p>Carl-von-Ossietzky-Platz 1<br>44777 Bochum<\/p>\n\n\n\n<iframe src=\"https:\/\/www.google.com\/maps\/embed?pb=!1m18!1m12!1m3!1d696.9280723590787!2d7.31456923248539!3d51.46972377997852!2m3!1f0!2f0!3f0!3m2!1i1024!2i768!4f13.1!3m3!1m2!1s0x47b91fb978eb2975%3A0xad143b750c84ef56!2sAltes%20Amtshaus!5e0!3m2!1sde!2sde!4v1768728192524!5m2!1sde!2sde\" width=\"600\" height=\"450\" style=\"border:0;\" allowfullscreen=\"\" loading=\"lazy\" referrerpolicy=\"no-referrer-when-downgrade\"><\/iframe>\n\n\n\n<p>\ud83d\ude98 Parkm\u00f6glichkeiten befinden sich in der Umgebung der Traulocation. <\/p>\n\n\n\n<p><strong>\ud83d\ude89 <\/strong>Die nahegelegenen Haltestellen Lessing-Schule und Langendreer Amt erm\u00f6glichen au\u00dferdem eine Anreise mit dem \u00d6PNV.<\/p>\n\n\n\n<hr class=\"wp-block-separator has-alpha-channel-opacity\"\/>\n\n\n\n<h3 class=\"wp-block-heading\">Hochzeitsfeier<\/h3>\n\n\n\n<p class=\"has-black-color has-text-color has-link-color wp-elements-db61392a0fa6ce61f2eeba368ad1b302\">\ud83d\udccd&nbsp;<a href=\"https:\/\/share.google\/lBczYsYj7pQjaOozw\">Rotunde \u2013 Bermuda3Eck, Bochum<\/a><\/p>\n\n\n\n<p>Am Kulturgleis 3-5<br>44787 Bochum<\/p>\n\n\n\n<iframe src=\"https:\/\/www.google.com\/maps\/embed?pb=!1m18!1m12!1m3!1d1242.546952771647!2d7.213289853618651!3d51.47479059576848!2m3!1f0!2f0!3f0!3m2!1i1024!2i768!4f13.1!3m3!1m2!1s0x47b8e012d7f6e0ad%3A0x2cdda652624b0882!2sRotunde!5e0!3m2!1sde!2sde!4v1768728123888!5m2!1sde!2sde\" width=\"600\" height=\"450\" style=\"border:0;\" allowfullscreen=\"\" loading=\"lazy\" referrerpolicy=\"no-referrer-when-downgrade\"><\/iframe>\n\n\n\n<p>\ud83d\ude89 Die Rotunde liegt am Eingang des Bermuda3ecks und ist vom Hauptbahnhof Bochum sowie vom Bahnhof Bochum Ehrenfeld gut zu Fu\u00df erreichbar (jeweils ca. 10 Minuten). Solltet Ihr mit dem Bus oder der Stra\u00dfenbahn anreisen, k\u00f6nnt Ihr au\u00dferdem die nahgelegene Haltestelle Bermuda3eck\/Musikforum nutzen.<\/p>\n\n\n\n<p>\ud83d\udc49 Wir empfehlen, f\u00fcr den Abend auf \u00f6ffentliche Verkehrsmittel oder Taxis zur\u00fcckzugreifen. <\/p>\n\n\n\n<p>\ud83d\ude98 F\u00fcr diejenigen, die dennoch lieber mit dem Auto anreisen, empfiehlt sich, das nahegelegene Parkhaus P8 zu nutzen.<\/p>\n\n\n\n<iframe src=\"https:\/\/www.google.com\/maps\/embed?pb=!1m18!1m12!1m3!1d3544.940628725508!2d7.213057166761351!3d51.474600234290904!2m3!1f0!2f0!3f0!3m2!1i1024!2i768!4f13.1!3m3!1m2!1s0x47b8e01311e7b28d%3A0xc619855df91644c0!2sP8%20Konrad-Adenauer-Platz%20(BERMUDA)!5e0!3m2!1sde!2sde!4v1768728289958!5m2!1sde!2sde\" width=\"600\" height=\"450\" style=\"border:0;\" allowfullscreen=\"\" loading=\"lazy\" referrerpolicy=\"no-referrer-when-downgrade\"><\/iframe>\n","protected":false},"excerpt":{"rendered":"<p>Trauung \ud83d\udccd&nbsp;Amtshaus Bochum Langendreer Carl-von-Ossietzky-Platz 144777 Bochum \ud83d\ude98 Parkm\u00f6glichkeiten befinden sich in der Umgebung der Traulocation. \ud83d\ude89 Die nahegelegenen Haltestellen<\/p>\n<p><span class=\"more-link\"><a href=\"https:\/\/hochzeit.dhbochum.de\/index.php\/anfahrt\/\" class=\"readmore\">Weiterlesen<span class=\"screen-reader-text\">Anfahrt<\/span><\/a><\/span><\/p>\n","protected":false},"author":1,"featured_media":0,"parent":0,"menu_order":0,"comment_status":"closed","ping_status":"closed","template":"","meta":{"footnotes":""},"class_list":["post-50","page","type-page","status-publish","hentry"],"_links":{"self":[{"href":"https:\/\/hochzeit.dhbochum.de\/index.php\/wp-json\/wp\/v2\/pages\/50","targetHints":{"allow":["GET"]}}],"collection":[{"href":"https:\/\/hochzeit.dhbochum.de\/index.php\/wp-json\/wp\/v2\/pages"}],"about":[{"href":"https:\/\/hochzeit.dhbochum.de\/index.php\/wp-json\/wp\/v2\/types\/page"}],"author":[{"embeddable":true,"href":"https:\/\/hochzeit.dhbochum.de\/index.php\/wp-json\/wp\/v2\/users\/1"}],"replies":[{"embeddable":true,"href":"https:\/\/hochzeit.dhbochum.de\/index.php\/wp-json\/wp\/v2\/comments?post=50"}],"version-history":[{"count":12,"href":"https:\/\/hochzeit.dhbochum.de\/index.php\/wp-json\/wp\/v2\/pages\/50\/revisions"}],"predecessor-version":[{"id":323,"href":"https:\/\/hochzeit.dhbochum.de\/index.php\/wp-json\/wp\/v2\/pages\/50\/revisions\/323"}],"wp:attachment":[{"href":"https:\/\/hochzeit.dhbochum.de\/index.php\/wp-json\/wp\/v2\/media?parent=50"}],"curies":[{"name":"wp","href":"https:\/\/api.w.org\/{rel}","templated":true}]}}