{"id":58,"date":"2026-01-17T20:28:54","date_gmt":"2026-01-17T19:28:54","guid":{"rendered":"https:\/\/hochzeit.dhbochum.de\/?page_id=58"},"modified":"2026-01-18T15:34:48","modified_gmt":"2026-01-18T14:34:48","slug":"hotels","status":"publish","type":"page","link":"https:\/\/hochzeit.dhbochum.de\/index.php\/hotels\/","title":{"rendered":"Hotels"},"content":{"rendered":"\n<p>F\u00fcr alle G\u00e4ste, die eine \u00dcbernachtungsm\u00f6glichkeit in Bochum suchen, haben wir hier eine kleine Auswahl an Hotels&nbsp;<strong>in der N\u00e4he der Rotunde im Bermuda3eck<\/strong>&nbsp;zusammengestellt.<\/p>\n\n\n\n<p class=\"has-black-color has-text-color has-link-color wp-elements-9ba0ad6420306ed6d7254a44049022c6\">\ud83c\udfe8&nbsp;<a href=\"https:\/\/www.booking.com\/Share-ILiNJ0\">Mercure Hotel Bochum City<\/a><br>\ud83d\udccd Massenbergstra\u00dfe 19\u201321, 44787 Bochum<br>\ud83d\udeb6 ca. 5 Minuten zu Fu\u00df<br>Zentral gelegen direkt am Hauptbahnhof \u2013 ideal f\u00fcr Anreise mit der Bahn.<\/p>\n\n\n\n<p>\ud83c\udfe8&nbsp;<a href=\"https:\/\/www.booking.com\/Share-7EumPbf\">art Hotel Tucholsky<\/a><br>\ud83d\udccd Viktoriastra\u00dfe 73, 44787 Bochum<br>\ud83d\udeb6 ca. 3 Minuten zu Fu\u00df<br>Kleines individuelles Hotel in sehr zentraler Lage.<\/p>\n\n\n\n<p class=\"has-black-color has-text-color has-link-color wp-elements-19e2b919104c7a1cc9a34f2d087a079b\">\ud83c\udfe8&nbsp;<a href=\"https:\/\/www.booking.com\/Share-Aw6HlMx\">Limehome Bochum<\/a><br>\ud83d\udccd Kurt-Schumacher-Platz 46\u2013148, 44787 Bochum<br>\ud83d\udeb6 ca. 7 Minuten zu Fu\u00df<br>Preiswert, modern und in der N\u00e4he vom Hauptbahnhof.<\/p>\n\n\n\n<p class=\"has-black-color has-text-color has-link-color wp-elements-02adb626f139ec43ec57e3bbeb6de695\">\ud83c\udfe8&nbsp;<a href=\"https:\/\/www.booking.com\/Share-5Q9WJf0\">ACHAT Hotel Bochum<\/a><br>\ud83d\udccd Kohlleppelsweg 45, 44791 Bochum<br>\ud83d\ude97 ca. 10 Minuten mit dem Auto<br>Etwas au\u00dferhalb, daf\u00fcr ruhig gelegen mit Parkm\u00f6glichkeiten.<\/p>\n\n\n\n<p>\ud83d\udca1 Hinweis:<br>Bochum bietet viele weitere Hotels und Apartments.<br>Fr\u00fchzeitiges Buchen lohnt sich \u2013 besonders an Sommerwochenenden.<\/p>\n","protected":false},"excerpt":{"rendered":"<p>F\u00fcr alle G\u00e4ste, die eine \u00dcbernachtungsm\u00f6glichkeit in Bochum suchen, haben wir hier eine kleine Auswahl an Hotels&nbsp;in der N\u00e4he der<\/p>\n<p><span class=\"more-link\"><a href=\"https:\/\/hochzeit.dhbochum.de\/index.php\/hotels\/\" class=\"readmore\">Weiterlesen<span class=\"screen-reader-text\">Hotels<\/span><\/a><\/span><\/p>\n","protected":false},"author":1,"featured_media":0,"parent":0,"menu_order":0,"comment_status":"closed","ping_status":"closed","template":"","meta":{"footnotes":""},"class_list":["post-58","page","type-page","status-publish","hentry"],"_links":{"self":[{"href":"https:\/\/hochzeit.dhbochum.de\/index.php\/wp-json\/wp\/v2\/pages\/58","targetHints":{"allow":["GET"]}}],"collection":[{"href":"https:\/\/hochzeit.dhbochum.de\/index.php\/wp-json\/wp\/v2\/pages"}],"about":[{"href":"https:\/\/hochzeit.dhbochum.de\/index.php\/wp-json\/wp\/v2\/types\/page"}],"author":[{"embeddable":true,"href":"https:\/\/hochzeit.dhbochum.de\/index.php\/wp-json\/wp\/v2\/users\/1"}],"replies":[{"embeddable":true,"href":"https:\/\/hochzeit.dhbochum.de\/index.php\/wp-json\/wp\/v2\/comments?post=58"}],"version-history":[{"count":9,"href":"https:\/\/hochzeit.dhbochum.de\/index.php\/wp-json\/wp\/v2\/pages\/58\/revisions"}],"predecessor-version":[{"id":310,"href":"https:\/\/hochzeit.dhbochum.de\/index.php\/wp-json\/wp\/v2\/pages\/58\/revisions\/310"}],"wp:attachment":[{"href":"https:\/\/hochzeit.dhbochum.de\/index.php\/wp-json\/wp\/v2\/media?parent=58"}],"curies":[{"name":"wp","href":"https:\/\/api.w.org\/{rel}","templated":true}]}}